{"id":67,"date":"2023-07-09T15:46:14","date_gmt":"2023-07-09T15:46:14","guid":{"rendered":"https:\/\/midotravel.ro\/index.php\/home\/"},"modified":"2023-08-30T20:04:13","modified_gmt":"2023-08-30T20:04:13","slug":"home","status":"publish","type":"page","link":"https:\/\/midotravel.ro\/","title":{"rendered":"Acas\u0103"},"content":{"rendered":"\n    \n    <section class=\"u-clearfix u-image u-typography-Normal--Introduction u-white u-section-2\" src=\"\" id=\"sec-12f5\" style=\"background-image: url(&quot;https:\/\/midotravel.ro\/wp-content\/uploads\/2023\/07\/4d605873ee329581888a2a9891c5ba27-2.jpeg&quot;);\">\n      <div class=\"u-clearfix u-sheet u-sheet-1\">\n        <div class=\"u-align-left u-group u-similar-fill u-group-1\">\n          <div class=\"u-container-layout u-container-layout-1\">\n            <h1 class=\"u-expanded-width u-text u-text-palette-4-base u-text-1\" data-lang-en=\"\u200bBucura\u021bi-v\u0103 de vacan\u021ba de vis\" data-lang-ro=\"\u200bBucura\u021bi-v\u0103 de vacan\u021ba de vis\"> Bucura\u021bi-v\u0103 de vacan\u021ba de vis<\/h1>\n            <p class=\"u-expanded-width u-text u-text-grey-dark-1 u-text-2\" data-lang-en=\"\u200bNe angaj\u0103m s\u0103 oferim servicii de c\u0103l\u0103torie de cea mai \u00eenalt\u0103 calitate.\" data-lang-ro=\"\u200bNe angaj\u0103m s\u0103 oferim servicii de c\u0103l\u0103torie de cea mai \u00eenalt\u0103 calitate.\"> Ne angaj\u0103m s\u0103 oferim servicii de c\u0103l\u0103torie de cea mai \u00eenalt\u0103 calitate.<\/p>\n            <a href=\"#\" class=\"u-btn u-btn-round u-palette-2-base u-btn-1\">see all tours<\/a>\n          <\/div>\n        <\/div>\n      <\/div>\n    <\/section>\n    <section class=\"u-clearfix u-white u-section-3\" id=\"sec-ce52\">\n      <div class=\"u-clearfix u-sheet u-sheet-1\">\n        <div class=\"u-align-left u-expanded-width-sm u-expanded-width-xs u-left-0 u-opacity u-opacity-50 u-palette-2-light-2 u-shape u-shape-1\"><\/div>\n        <img decoding=\"async\" src=\"https:\/\/midotravel.ro\/wp-content\/uploads\/2023\/07\/fc8680bc65a4b36cb39872b34445d831-2.jpeg\" alt=\"\" class=\"u-align-left u-image u-image-1\" data-lang-en=\"\" data-lang-ro=\"\">\n        <img decoding=\"async\" src=\"https:\/\/midotravel.ro\/wp-content\/uploads\/2023\/07\/0de0ee0d9ff4561f60e1f33910c91ef9-2.jpeg\" alt=\"\" class=\"u-align-left u-expanded-width-xs u-image u-right-0 u-image-2\" data-lang-en=\"\" data-lang-ro=\"\">\n        <img decoding=\"async\" src=\"https:\/\/midotravel.ro\/wp-content\/uploads\/2023\/07\/6b0e8ae7a9254708c3a320670e32d871-2.jpeg\" alt=\"\" class=\"u-align-left u-image u-image-3\" data-lang-en=\"\" data-lang-ro=\"\">\n        <div class=\"u-align-left u-container-align-center-xs u-expanded-width-sm u-expanded-width-xs u-group u-similar-fill u-group-1\">\n          <div class=\"u-container-layout u-padding-12 u-valign-middle-md u-valign-middle-sm u-valign-middle-xl\">\n            <p class=\"u-align-center-xs u-text u-text-font u-text-1\" data-lang-en=\"We are committed to offering travel services of the highest quality. Lorem ipsum dolor sit amet, consectetur adipiscing elit nullam nunc justo sagittis suscipit ultrices.\" data-lang-ro=\"We are committed to offering travel services of the highest quality. Lorem ipsum dolor sit amet, consectetur adipiscing elit nullam nunc justo sagittis suscipit ultrices.\">We are committed to offering travel services of the highest quality. Lorem ipsum dolor sit amet, consectetur adipiscing elit nullam nunc justo sagittis suscipit ultrices.<\/p>\n          <\/div>\n        <\/div>\n        <div class=\"u-align-center-md u-align-left-lg u-align-left-sm u-align-left-xl u-align-left-xs u-expanded-width-sm u-group u-left-0 u-similar-fill u-group-2\">\n          <div class=\"u-container-layout u-valign-middle\">\n            <h1 class=\"u-align-left-lg u-custom-font u-expanded-width u-heading-font u-text u-text-palette-1-base u-text-2\" data-lang-en=\"Explore the Distant Corners of the World\" data-lang-ro=\"Explore the Distant Corners of the World\">Explore the Distant Corners of the World<\/h1>\n          <\/div>\n        <\/div>\n      <\/div>\n    <\/section>\n    <section class=\"u-clearfix u-palette-2-base u-section-4\" id=\"sec-c33d\">\n      <div class=\"u-clearfix u-sheet u-sheet-1\">\n        <div class=\"u-clearfix u-disable-padding u-expanded-width u-gutter-30 u-layout-wrap u-layout-wrap-1\">\n          <div class=\"u-layout\">\n            <div class=\"u-layout-row\">\n              <div class=\"u-align-center u-layout-cell u-left-cell u-similar-fill u-size-20 u-size-30-md u-layout-cell-1\">\n                <div class=\"u-container-layout u-valign-top u-container-layout-1\"><span class=\"u-icon u-icon-circle u-text-white u-icon-1\"><svg class=\"u-svg-link\" preserveAspectRatio=\"xMidYMin slice\" viewBox=\"0 0 431.998 431.998\" style=\"\"><use xmlns:xlink=\"http:\/\/www.w3.org\/1999\/xlink\" xlink:href=\"#svg-6d8c\"><\/use><\/svg><svg class=\"u-svg-content\" viewBox=\"0 0 431.998 431.998\" x=\"0px\" y=\"0px\" id=\"svg-6d8c\" style=\"enable-background:new 0 0 431.998 431.998;\"><g><g><rect x=\"80.102\" y=\"192\" width=\"192\" height=\"16\"><\/rect>\n<\/g>\n<\/g><g><g><polygon points=\"80.102,239.998 80.102,255.998 235.816,255.998 251.816,239.998   \"><\/polygon>\n<\/g>\n<\/g><g><g><polygon points=\"80.102,287.998 80.102,303.998 187.813,303.998 203.814,287.998   \"><\/polygon>\n<\/g>\n<\/g><g><g><rect x=\"80.102\" y=\"336\" width=\"80\" height=\"16\"><\/rect>\n<\/g>\n<\/g><g><g><path d=\"M411.213,171.106l-22.628-22.626c-6.245-6.245-16.382-6.246-22.627-0.001c-57.747,57.747-115.648,115.648-173.855,173.854    c0,27.687,0,21.689,0,45.662c38.518,0,28.774,0.018,44.915-0.068c8.351-8.351,45.207-45.206,83.085-83.083v115.154    c0,8.836-7.163,16-16,16h-256c-8.837,0-16-7.164-16-16v-288c0-8.837,7.163-16,16-16h32.003v32.001h191.997v-32l32-0.001    c8.837,0,16,7.163,16,16v59.426l16-16.111v-43.315c0-17.674-14.327-32-32-32h-34.764c-5.138-14.522-17.041-25.849-31.944-30.134    c-7.367-2.118-13.037-7.788-15.156-15.155C216.474,14.663,198.001,0,176.102,0c-21.898,0-40.37,14.663-46.134,34.706    c-2.122,7.376-7.806,13.039-15.181,15.164c-14.897,4.293-26.81,15.608-31.942,30.128H48.102c-17.673,0-32,14.326-32,32v288    c0,17.673,14.327,32,32,32h256c17.673,0,32-14.327,32-32V268.845c34.399-34.398,66.437-66.437,75.11-75.111    C417.457,187.488,417.457,177.351,411.213,171.106z M96.104,95.742c0.11-14.066,9.614-26.606,23.112-30.496    c12.71-3.662,22.478-13.426,26.128-26.116C149.261,25.51,161.909,16,176.102,16c14.194,0,26.842,9.51,30.758,23.13    c3.652,12.698,13.413,22.459,26.111,26.11c13.618,3.918,23.13,16.566,23.13,30.759v16H96.104V95.742z M230.352,351.965    c-4.149,0.023-5.848,0.03-11.589,0.032l-10.661-10.661v-12.375c3.966-3.966,6.709-6.709,10.778-10.778l22.627,22.627    L230.352,351.965z M252.82,329.497l-22.627-22.627l101.824-101.823l22.627,22.628L252.82,329.497z M365.957,216.36l-22.627-22.627    l11.314-11.314l22.628,22.627L365.957,216.36z M388.585,193.734l-22.628-22.628l11.314-11.313l22.628,22.627L388.585,193.734z\"><\/path>\n<\/g>\n<\/g><g><g><circle cx=\"176.342\" cy=\"48\" r=\"12\"><\/circle>\n<\/g>\n<\/g><\/svg><\/span>\n                  <h3 class=\"u-heading-font u-text u-text-1\" data-lang-en=\"Who We Are\" data-lang-ro=\"Who We Are\">Who We Are<\/h3>\n                  <p class=\"u-text u-text-font u-text-2\" data-lang-en=\"We provide our clients with travel services for almost a century.\" data-lang-ro=\"We provide our clients with travel services for almost a century.\">We provide our clients with travel services for almost a century.<\/p>\n                <\/div>\n              <\/div>\n              <div class=\"u-align-center u-layout-cell u-similar-fill u-size-20 u-size-30-md u-layout-cell-2\">\n                <div class=\"u-container-layout u-valign-top u-container-layout-2\"><span class=\"u-icon u-icon-circle u-text-white u-icon-2\"><svg class=\"u-svg-link\" preserveAspectRatio=\"xMidYMin slice\" viewBox=\"0 0 301.055 301.055\" style=\"\"><use xmlns:xlink=\"http:\/\/www.w3.org\/1999\/xlink\" xlink:href=\"#svg-1550\"><\/use><\/svg><svg class=\"u-svg-content\" viewBox=\"0 0 301.055 301.055\" x=\"0px\" y=\"0px\" id=\"svg-1550\" style=\"enable-background:new 0 0 301.055 301.055;\"><path d=\"M189.798,31.551c0-4.143-3.357-7.5-7.5-7.5h-79.453c-4.143,0-7.5,3.357-7.5,7.5v47.687c0,4.143,3.357,7.5,7.5,7.5h71.953  v21.186L102.845,179.9l-18.532-18.54c-1.571-1.571-3.769-2.362-5.97-2.168c-2.213,0.197-4.225,1.365-5.493,3.189L1.342,265.221  c-1.594,2.292-1.782,5.28-0.488,7.755c1.293,2.476,3.855,4.026,6.647,4.026h286.035c0.008,0.001,0.016,0.001,0.02,0  c4.143,0,7.5-3.357,7.5-7.5c0-1.783-0.622-3.421-1.661-4.708L189.798,108.66V31.551z M110.345,71.738V39.051h64.453v32.687H110.345z   M21.85,262.003l58.195-83.694l17.495,17.503c1.407,1.406,3.315,2.197,5.305,2.197c1.989,0,3.897-0.791,5.304-2.197l73.141-73.165  l97.818,139.357H21.85z\"><\/path><\/svg><\/span>\n                  <h3 class=\"u-heading-font u-text u-text-3\" data-lang-en=\"Our Mission\" data-lang-ro=\"Our Mission\">Our Mission<\/h3>\n                  <p class=\"u-text u-text-font u-text-4\" data-lang-en=\"We have the goal to service 1 billion clients up to 2025.\" data-lang-ro=\"We have the goal to service 1 billion clients up to 2025.\">We have the goal to service 1 billion clients up to 2025.<\/p>\n                <\/div>\n              <\/div>\n              <div class=\"u-align-center u-layout-cell u-right-cell u-similar-fill u-size-20 u-size-30-md u-layout-cell-3\">\n                <div class=\"u-container-layout u-valign-top u-container-layout-3\"><span class=\"u-icon u-icon-circle u-text-white u-icon-3\"><svg class=\"u-svg-link\" preserveAspectRatio=\"xMidYMin slice\" viewBox=\"0 0 512 512\" style=\"\"><use xmlns:xlink=\"http:\/\/www.w3.org\/1999\/xlink\" xlink:href=\"#svg-266f\"><\/use><\/svg><svg class=\"u-svg-content\" viewBox=\"0 0 512 512\" x=\"0px\" y=\"0px\" id=\"svg-266f\" style=\"enable-background:new 0 0 512 512;\"><g><g><path d=\"M334.974,0c-95.419,0-173.049,77.63-173.049,173.049c0,21.213,3.769,41.827,11.211,61.403L7.672,399.928    c-2.365,2.366-3.694,5.573-3.694,8.917v90.544c0,6.965,5.646,12.611,12.611,12.611h74.616c3.341,0,6.545-1.325,8.91-3.686    l25.145-25.107c2.37-2.366,3.701-5.577,3.701-8.925v-30.876h30.837c6.965,0,12.611-5.646,12.611-12.611v-12.36h12.361    c6.964,0,12.611-5.646,12.611-12.611v-27.136h27.136c3.344,0,6.551-1.329,8.917-3.694l40.121-40.121    c19.579,7.449,40.196,11.223,61.417,11.223c95.419,0,173.049-77.63,173.049-173.049C508.022,77.63,430.393,0,334.974,0z     M334.974,320.874c-20.642,0-40.606-4.169-59.339-12.393c-4.844-2.126-10.299-0.956-13.871,2.525    c-0.039,0.037-0.077,0.067-0.115,0.106l-42.354,42.354h-34.523c-6.965,0-12.611,5.646-12.611,12.611v27.136H159.8    c-6.964,0-12.611,5.646-12.611,12.611v12.36h-30.838c-6.964,0-12.611,5.646-12.611,12.611v38.257l-17.753,17.725H29.202v-17.821    l154.141-154.14c4.433-4.433,4.433-11.619,0-16.051s-11.617-4.434-16.053,0L29.202,436.854V414.07l167.696-167.708    c0.038-0.038,0.067-0.073,0.102-0.11c3.482-3.569,4.656-9.024,2.53-13.872c-8.216-18.732-12.38-38.695-12.38-59.33    c0-81.512,66.315-147.827,147.827-147.827S482.802,91.537,482.802,173.05C482.8,254.56,416.484,320.874,334.974,320.874z\"><\/path>\n<\/g>\n<\/g><g><g><path d=\"M387.638,73.144c-26.047,0-47.237,21.19-47.237,47.237s21.19,47.237,47.237,47.237s47.237-21.19,47.237-47.237    S413.686,73.144,387.638,73.144z M387.638,142.396c-12.139,0-22.015-9.876-22.015-22.015s9.876-22.015,22.015-22.015    s22.015,9.876,22.015,22.015S399.777,142.396,387.638,142.396z\"><\/path>\n<\/g>\n<\/g><\/svg><\/span>\n                  <h3 class=\"u-heading-font u-text u-text-5\" data-lang-en=\"Why Choose Us\" data-lang-ro=\"Why Choose Us\">Why Choose Us<\/h3>\n                  <p class=\"u-text u-text-font u-text-6\" data-lang-en=\"Because we are the best travel agency in the world.\" data-lang-ro=\"Because we are the best travel agency in the world.\">Because we are the best travel agency in the world.<\/p>\n                <\/div>\n              <\/div>\n            <\/div>\n          <\/div>\n        <\/div>\n      <\/div>\n    <\/section>\n    <section class=\"u-clearfix u-white u-section-5\" id=\"sec-21b8\">\n      <div class=\"u-align-center u-group u-similar-fill u-group-1\">\n        <div class=\"u-container-layout u-valign-middle u-container-layout-1\">\n          <h2 class=\"u-heading-font u-text u-text-1\" data-lang-en=\"Top destinations in Skyline Travel\" data-lang-ro=\"Top destinations in Skyline Travel\">Top destinations in Skyline Travel<\/h2>\n          <p class=\"u-text u-text-font u-text-2\" data-lang-en=\"Explore a different way to travel\" data-lang-ro=\"Explore a different way to travel\">Explore a different way to travel<\/p>\n        <\/div>\n      <\/div>\n      <div class=\"u-clearfix u-disable-padding u-expanded-width u-gutter-30 u-layout-spacing-all u-layout-wrap u-layout-wrap-1\">\n        <div class=\"u-layout\">\n          <div class=\"u-layout-row\">\n            <div class=\"u-align-left u-image u-layout-cell u-left-cell u-similar-fill u-size-15 u-size-30-md u-image-1\" imgwidth=\"700\" imgheight=\"933\" style=\"background-image: url(&quot;https:\/\/midotravel.ro\/wp-content\/uploads\/2023\/07\/abae735c6fa916e813ca56defefabf10-2.jpeg&quot;);\">\n              <div class=\"u-container-layout u-valign-bottom\">\n                <h3 class=\"u-text u-text-white u-text-3\" data-lang-en=\"Malaysia\" data-lang-ro=\"Malaysia\">Malaysia<\/h3>\n              <\/div>\n            <\/div>\n            <div class=\"u-align-left u-image u-layout-cell u-similar-fill u-size-15 u-size-30-md u-image-2\" imgwidth=\"700\" imgheight=\"933\" style=\"background-image: url(&quot;https:\/\/midotravel.ro\/wp-content\/uploads\/2023\/07\/eb0283823970c36199804e88cc07d483-2.jpeg&quot;);\">\n              <div class=\"u-container-layout u-valign-bottom\">\n                <h3 class=\"u-text u-text-white u-text-4\" data-lang-en=\"London\" data-lang-ro=\"London\">London<\/h3>\n              <\/div>\n            <\/div>\n            <div class=\"u-align-left u-image u-layout-cell u-similar-fill u-size-15 u-size-30-md u-image-3\" imgwidth=\"700\" imgheight=\"933\" style=\"background-image: url(&quot;https:\/\/midotravel.ro\/wp-content\/uploads\/2023\/07\/bee36a61ead15748755e27200de1e140-2.jpeg&quot;);\">\n              <div class=\"u-container-layout u-valign-bottom\">\n                <h3 class=\"u-text u-text-white u-text-5\" data-lang-en=\"Santorini\" data-lang-ro=\"Santorini\">Santorini<\/h3>\n              <\/div>\n            <\/div>\n            <div class=\"u-align-left u-image u-layout-cell u-right-cell u-similar-fill u-size-15 u-size-30-md u-image-4\" imgwidth=\"700\" imgheight=\"933\" style=\"background-image: url(&quot;https:\/\/midotravel.ro\/wp-content\/uploads\/2023\/07\/6048eeeaeb0cdae441acc0dc7e96b135-2.jpeg&quot;);\">\n              <div class=\"u-container-layout u-valign-bottom\">\n                <h3 class=\"u-text u-text-white u-text-6\" data-lang-en=\"Zumania\" data-lang-ro=\"Zumania\">Zumania<\/h3>\n              <\/div>\n            <\/div>\n          <\/div>\n        <\/div>\n      <\/div>\n    <\/section>\n    <section class=\"u-clearfix u-image u-shading u-typography-custom-page-typography-8--Introduction u-white u-section-6\" src=\"\" id=\"sec-1e86\" style=\"background-image: linear-gradient(0deg, rgba(0, 0, 0, 0.25), rgba(0, 0, 0, 0.25)), url(&quot;https:\/\/midotravel.ro\/wp-content\/uploads\/2023\/07\/18faa1021ecedf82c100ba573b8a1216-2.jpeg&quot;);\">\n      <div class=\"u-clearfix u-sheet u-sheet-1\">\n        <div class=\"u-align-left u-expanded-width-sm u-expanded-width-xs u-group u-similar-fill u-group-1\">\n          <div class=\"u-container-layout u-valign-middle u-container-layout-1\">\n            <h1 class=\"u-text u-text-white u-text-1\" data-lang-en=\"Gangehi, Maldives\" data-lang-ro=\"Gangehi, Maldives\">Gangehi, Maldives<\/h1>\n            <div class=\"u-border-4 u-border-palette-2-light-3 u-line u-line-horizontal u-opacity u-opacity-30 u-line-1\"><\/div>\n            <p class=\"u-expanded-width u-text u-text-white u-text-2\" data-lang-en=\"2300$ \/ 2 Persons \/ 7 Night\" data-lang-ro=\"2300$ \/ 2 Persons \/ 7 Night\">2300$ \/ 2 Persons \/ 7 Night<\/p>\n            <a href=\"#\" class=\"u-btn u-btn-fill u-btn-round u-custom u-white u-btn-1\">book now<\/a>\n          <\/div>\n        <\/div>\n      <\/div>\n    <\/section>\n    <section class=\"u-clearfix u-white u-section-7\" id=\"sec-5845\">\n      <div class=\"u-clearfix u-sheet u-sheet-1\">\n        <div class=\"u-palette-2-light-3 u-shape u-shape-rectangle u-shape-1\"><\/div>\n        <img decoding=\"async\" src=\"https:\/\/midotravel.ro\/wp-content\/uploads\/2023\/07\/53af1a87f15cc4a812a5c65c6dda0cc7-2.jpeg\" alt=\"\" class=\"u-align-left u-image u-image-1\" data-lang-en=\"\" data-lang-ro=\"\">\n        <img decoding=\"async\" src=\"https:\/\/midotravel.ro\/wp-content\/uploads\/2023\/07\/36c4e330e6f0c7cea4597a0ccdef0249-2.jpeg\" alt=\"\" class=\"u-align-left u-image u-image-2\" data-lang-en=\"\" data-lang-ro=\"\">\n        <img decoding=\"async\" src=\"https:\/\/midotravel.ro\/wp-content\/uploads\/2023\/07\/2dc7d1544b338f7a2134b4c90a384c1c-2.jpeg\" alt=\"\" class=\"u-align-left u-image u-image-3\" data-lang-en=\"\" data-lang-ro=\"\">\n        <div class=\"u-align-left u-expanded-width-sm u-expanded-width-xs u-group u-similar-fill u-group-1\">\n          <div class=\"u-container-layout u-padding-6 u-valign-middle-lg u-valign-middle-sm u-valign-middle-xs\">\n            <h3 class=\"u-text u-text-1\" data-lang-en=\"\n              <br>Find Travel Perfection With the Professionalism of Experts\n            \" data-lang-ro=\"\n              <br>Find Travel Perfection With the Professionalism of Experts\n            \">\n              <br>Find Travel Perfection With the Professionalism of Experts \n            <\/h3>\n            <a href=\"#\" class=\"u-btn u-btn-round u-btn-1\">Find your tour<\/a>\n          <\/div>\n        <\/div>\n      <\/div>\n    <\/section>\n    <section class=\"u-clearfix u-image u-shading u-typography-custom-page-typography-8--Introduction u-white u-section-8\" src=\"\" id=\"sec-aa68\" style=\"background-image: linear-gradient(0deg, rgba(0, 0, 0, 0.25), rgba(0, 0, 0, 0.25)), url(&quot;https:\/\/midotravel.ro\/wp-content\/uploads\/2023\/07\/1f1e2a0bdb64b7857e6235edffa7dd29-2.jpeg&quot;);\">\n      <div class=\"u-clearfix u-sheet u-sheet-1\">\n        <div class=\"u-align-right u-expanded-width-sm u-expanded-width-xs u-group u-similar-fill u-group-1\">\n          <div class=\"u-container-layout u-valign-middle u-container-layout-1\">\n            <h1 class=\"u-text u-text-white u-text-1\" data-lang-en=\"Hovden, Norway\" data-lang-ro=\"Hovden, Norway\">Hovden, Norway<\/h1>\n            <div class=\"u-border-4 u-border-palette-2-light-3 u-line u-line-horizontal u-opacity u-opacity-30 u-line-1\"><\/div>\n            <p class=\"u-text u-text-white u-text-2\" data-lang-en=\"3300$ \/ 2 Persons \/ 7 Night\" data-lang-ro=\"3300$ \/ 2 Persons \/ 7 Night\">3300$ \/ 2 Persons \/ 7 Night<\/p>\n            <a href=\"#\" class=\"u-btn u-btn-fill u-btn-round u-custom u-white u-btn-1\">book now<\/a>\n          <\/div>\n        <\/div>\n      <\/div>\n    <\/section>\n    \n    \n    \n  \n","protected":false},"excerpt":{"rendered":"<p>Bucura\u021bi-v\u0103 de vacan\u021ba de vis Ne angaj\u0103m s\u0103 oferim servicii de c\u0103l\u0103torie de cea mai \u00eenalt\u0103 calitate. see all tours We are committed to offering travel services of the highest quality. Lorem ipsum dolor sit amet, consectetur adipiscing elit nullam nunc justo sagittis suscipit ultrices. Explore the Distant Corners of the World Who We Are &hellip; <a href=\"https:\/\/midotravel.ro\/\" class=\"more-link\">Continue reading<span class=\"screen-reader-text\"> &#8222;Acas\u0103&#8221;<\/span><\/a><\/p>\n","protected":false},"author":1,"featured_media":0,"parent":0,"menu_order":3,"comment_status":"closed","ping_status":"closed","template":"","meta":{"footnotes":""},"class_list":["post-67","page","type-page","status-publish","hentry"],"yoast_head":"<!-- This site is optimized with the Yoast SEO plugin v22.5 - https:\/\/yoast.com\/wordpress\/plugins\/seo\/ -->\n<title>Acas\u0103 - Mido Travel<\/title>\n<meta name=\"robots\" content=\"index, follow, max-snippet:-1, max-image-preview:large, max-video-preview:-1\" \/>\n<link rel=\"canonical\" href=\"https:\/\/midotravel.ro\/\" \/>\n<meta property=\"og:locale\" content=\"ro_RO\" \/>\n<meta property=\"og:type\" content=\"article\" \/>\n<meta property=\"og:title\" content=\"Acas\u0103 - Mido Travel\" \/>\n<meta property=\"og:description\" content=\"Bucura\u021bi-v\u0103 de vacan\u021ba de vis Ne angaj\u0103m s\u0103 oferim servicii de c\u0103l\u0103torie de cea mai \u00eenalt\u0103 calitate. see all tours We are committed to offering travel services of the highest quality. Lorem ipsum dolor sit amet, consectetur adipiscing elit nullam nunc justo sagittis suscipit ultrices. Explore the Distant Corners of the World Who We Are &hellip; Continue reading &quot;Acas\u0103&quot;\" \/>\n<meta property=\"og:url\" content=\"https:\/\/midotravel.ro\/\" \/>\n<meta property=\"og:site_name\" content=\"Mido Travel\" \/>\n<meta property=\"article:modified_time\" content=\"2023-08-30T20:04:13+00:00\" \/>\n<meta name=\"twitter:card\" content=\"summary_large_image\" \/>\n<meta name=\"twitter:label1\" content=\"Timp estimat pentru citire\" \/>\n\t<meta name=\"twitter:data1\" content=\"1 minut\" \/>\n<script type=\"application\/ld+json\" class=\"yoast-schema-graph\">{\"@context\":\"https:\/\/schema.org\",\"@graph\":[{\"@type\":\"WebPage\",\"@id\":\"https:\/\/midotravel.ro\/\",\"url\":\"https:\/\/midotravel.ro\/\",\"name\":\"Acas\u0103 - Mido Travel\",\"isPartOf\":{\"@id\":\"https:\/\/midotravel.ro\/#website\"},\"datePublished\":\"2023-07-09T15:46:14+00:00\",\"dateModified\":\"2023-08-30T20:04:13+00:00\",\"breadcrumb\":{\"@id\":\"https:\/\/midotravel.ro\/#breadcrumb\"},\"inLanguage\":\"ro-RO\",\"potentialAction\":[{\"@type\":\"ReadAction\",\"target\":[\"https:\/\/midotravel.ro\/\"]}]},{\"@type\":\"BreadcrumbList\",\"@id\":\"https:\/\/midotravel.ro\/#breadcrumb\",\"itemListElement\":[{\"@type\":\"ListItem\",\"position\":1,\"name\":\"Prima pagin\u0103\",\"item\":\"https:\/\/midotravel.ro\/\"},{\"@type\":\"ListItem\",\"position\":2,\"name\":\"Acas\u0103\"}]},{\"@type\":\"WebSite\",\"@id\":\"https:\/\/midotravel.ro\/#website\",\"url\":\"https:\/\/midotravel.ro\/\",\"name\":\"Mido Travel\",\"description\":\"\",\"potentialAction\":[{\"@type\":\"SearchAction\",\"target\":{\"@type\":\"EntryPoint\",\"urlTemplate\":\"https:\/\/midotravel.ro\/?s={search_term_string}\"},\"query-input\":\"required name=search_term_string\"}],\"inLanguage\":\"ro-RO\"}]}<\/script>\n<!-- \/ Yoast SEO plugin. -->","yoast_head_json":{"title":"Acas\u0103 - Mido Travel","robots":{"index":"index","follow":"follow","max-snippet":"max-snippet:-1","max-image-preview":"max-image-preview:large","max-video-preview":"max-video-preview:-1"},"canonical":"https:\/\/midotravel.ro\/","og_locale":"ro_RO","og_type":"article","og_title":"Acas\u0103 - Mido Travel","og_description":"Bucura\u021bi-v\u0103 de vacan\u021ba de vis Ne angaj\u0103m s\u0103 oferim servicii de c\u0103l\u0103torie de cea mai \u00eenalt\u0103 calitate. see all tours We are committed to offering travel services of the highest quality. Lorem ipsum dolor sit amet, consectetur adipiscing elit nullam nunc justo sagittis suscipit ultrices. Explore the Distant Corners of the World Who We Are &hellip; Continue reading \"Acas\u0103\"","og_url":"https:\/\/midotravel.ro\/","og_site_name":"Mido Travel","article_modified_time":"2023-08-30T20:04:13+00:00","twitter_card":"summary_large_image","twitter_misc":{"Timp estimat pentru citire":"1 minut"},"schema":{"@context":"https:\/\/schema.org","@graph":[{"@type":"WebPage","@id":"https:\/\/midotravel.ro\/","url":"https:\/\/midotravel.ro\/","name":"Acas\u0103 - Mido Travel","isPartOf":{"@id":"https:\/\/midotravel.ro\/#website"},"datePublished":"2023-07-09T15:46:14+00:00","dateModified":"2023-08-30T20:04:13+00:00","breadcrumb":{"@id":"https:\/\/midotravel.ro\/#breadcrumb"},"inLanguage":"ro-RO","potentialAction":[{"@type":"ReadAction","target":["https:\/\/midotravel.ro\/"]}]},{"@type":"BreadcrumbList","@id":"https:\/\/midotravel.ro\/#breadcrumb","itemListElement":[{"@type":"ListItem","position":1,"name":"Prima pagin\u0103","item":"https:\/\/midotravel.ro\/"},{"@type":"ListItem","position":2,"name":"Acas\u0103"}]},{"@type":"WebSite","@id":"https:\/\/midotravel.ro\/#website","url":"https:\/\/midotravel.ro\/","name":"Mido Travel","description":"","potentialAction":[{"@type":"SearchAction","target":{"@type":"EntryPoint","urlTemplate":"https:\/\/midotravel.ro\/?s={search_term_string}"},"query-input":"required name=search_term_string"}],"inLanguage":"ro-RO"}]}},"_links":{"self":[{"href":"https:\/\/midotravel.ro\/index.php\/wp-json\/wp\/v2\/pages\/67","targetHints":{"allow":["GET"]}}],"collection":[{"href":"https:\/\/midotravel.ro\/index.php\/wp-json\/wp\/v2\/pages"}],"about":[{"href":"https:\/\/midotravel.ro\/index.php\/wp-json\/wp\/v2\/types\/page"}],"author":[{"embeddable":true,"href":"https:\/\/midotravel.ro\/index.php\/wp-json\/wp\/v2\/users\/1"}],"replies":[{"embeddable":true,"href":"https:\/\/midotravel.ro\/index.php\/wp-json\/wp\/v2\/comments?post=67"}],"version-history":[{"count":4,"href":"https:\/\/midotravel.ro\/index.php\/wp-json\/wp\/v2\/pages\/67\/revisions"}],"predecessor-version":[{"id":93,"href":"https:\/\/midotravel.ro\/index.php\/wp-json\/wp\/v2\/pages\/67\/revisions\/93"}],"wp:attachment":[{"href":"https:\/\/midotravel.ro\/index.php\/wp-json\/wp\/v2\/media?parent=67"}],"curies":[{"name":"wp","href":"https:\/\/api.w.org\/{rel}","templated":true}]}}